{"id":2017,"date":"2021-01-14T15:59:56","date_gmt":"2021-01-14T15:59:56","guid":{"rendered":"https:\/\/ytheparis.com\/?post_type=product&#038;p=2017"},"modified":"2021-04-10T17:30:15","modified_gmt":"2021-04-10T17:30:15","slug":"porte-cles-victory-menthe","status":"publish","type":"product","link":"https:\/\/ytheparis.com\/en\/product\/porte-cles-victory-menthe","title":{"rendered":"Porte-cl\u00e9s Victory &#8211; Menthe"},"content":{"rendered":"<p>Clochette en cuir pour prot\u00e9ger les cl\u00e9s. Un cha\u00eene et un mousqueton pour accrocher sur soi ou \u00e0 un sac.<\/p>","protected":false},"excerpt":{"rendered":"<p>Clochette en cuir pour prot\u00e9ger les cl\u00e9s. Un cha\u00eene et un mousqueton pour accrocher sur soi ou \u00e0 un sac.<\/p>","protected":false},"featured_media":1946,"comment_status":"open","ping_status":"closed","template":"","meta":[],"product_brand":[],"product_cat":[74,102],"product_tag":[20,21,22,103,17,18],"class_list":{"0":"post-2017","1":"product","2":"type-product","3":"status-publish","4":"has-post-thumbnail","6":"product_cat-petite-maroquinerie","7":"product_cat-porte-cles-cuir","8":"product_tag-a5","9":"product_tag-cuir","10":"product_tag-maroquinerie","11":"product_tag-porte-cles","12":"product_tag-ythe","13":"product_tag-ythe-paris","15":"first","16":"instock","17":"taxable","18":"shipping-taxable","19":"purchasable","20":"product-type-simple"},"_links":{"self":[{"href":"https:\/\/ytheparis.com\/en\/wp-json\/wp\/v2\/product\/2017","targetHints":{"allow":["GET"]}}],"collection":[{"href":"https:\/\/ytheparis.com\/en\/wp-json\/wp\/v2\/product"}],"about":[{"href":"https:\/\/ytheparis.com\/en\/wp-json\/wp\/v2\/types\/product"}],"replies":[{"embeddable":true,"href":"https:\/\/ytheparis.com\/en\/wp-json\/wp\/v2\/comments?post=2017"}],"version-history":[{"count":3,"href":"https:\/\/ytheparis.com\/en\/wp-json\/wp\/v2\/product\/2017\/revisions"}],"predecessor-version":[{"id":3406,"href":"https:\/\/ytheparis.com\/en\/wp-json\/wp\/v2\/product\/2017\/revisions\/3406"}],"wp:featuredmedia":[{"embeddable":true,"href":"https:\/\/ytheparis.com\/en\/wp-json\/wp\/v2\/media\/1946"}],"wp:attachment":[{"href":"https:\/\/ytheparis.com\/en\/wp-json\/wp\/v2\/media?parent=2017"}],"wp:term":[{"taxonomy":"product_brand","embeddable":true,"href":"https:\/\/ytheparis.com\/en\/wp-json\/wp\/v2\/product_brand?post=2017"},{"taxonomy":"product_cat","embeddable":true,"href":"https:\/\/ytheparis.com\/en\/wp-json\/wp\/v2\/product_cat?post=2017"},{"taxonomy":"product_tag","embeddable":true,"href":"https:\/\/ytheparis.com\/en\/wp-json\/wp\/v2\/product_tag?post=2017"}],"curies":[{"name":"wp","href":"https:\/\/api.w.org\/{rel}","templated":true}]}}