{"id":2011,"date":"2021-01-14T15:48:21","date_gmt":"2021-01-14T15:48:21","guid":{"rendered":"https:\/\/ytheparis.com\/?post_type=product&#038;p=2011"},"modified":"2021-04-10T20:57:34","modified_gmt":"2021-04-10T20:57:34","slug":"porte-cles-victory-motif-python","status":"publish","type":"product","link":"https:\/\/ytheparis.com\/en\/product\/porte-cles-victory-motif-python","title":{"rendered":"Porte-cl\u00e9s Victory &#8211; Motif Python Marron"},"content":{"rendered":"<p>Clochette en cuir pour prot\u00e9ger les cl\u00e9s. Un cha\u00eene et un mousqueton pour accrocher sur soi ou \u00e0 un sac.<\/p>","protected":false},"excerpt":{"rendered":"<p>Clochette en cuir pour prot\u00e9ger les cl\u00e9s. Un cha\u00eene et un mousqueton pour accrocher sur soi ou \u00e0 un sac.<\/p>","protected":false},"featured_media":1948,"comment_status":"open","ping_status":"closed","template":"","meta":[],"product_brand":[],"product_cat":[74,102],"product_tag":[20,21,22,103,17,18],"class_list":{"0":"post-2011","1":"product","2":"type-product","3":"status-publish","4":"has-post-thumbnail","6":"product_cat-petite-maroquinerie","7":"product_cat-porte-cles-cuir","8":"product_tag-a5","9":"product_tag-cuir","10":"product_tag-maroquinerie","11":"product_tag-porte-cles","12":"product_tag-ythe","13":"product_tag-ythe-paris","15":"first","16":"instock","17":"taxable","18":"shipping-taxable","19":"purchasable","20":"product-type-simple"},"_links":{"self":[{"href":"https:\/\/ytheparis.com\/en\/wp-json\/wp\/v2\/product\/2011","targetHints":{"allow":["GET"]}}],"collection":[{"href":"https:\/\/ytheparis.com\/en\/wp-json\/wp\/v2\/product"}],"about":[{"href":"https:\/\/ytheparis.com\/en\/wp-json\/wp\/v2\/types\/product"}],"replies":[{"embeddable":true,"href":"https:\/\/ytheparis.com\/en\/wp-json\/wp\/v2\/comments?post=2011"}],"version-history":[{"count":2,"href":"https:\/\/ytheparis.com\/en\/wp-json\/wp\/v2\/product\/2011\/revisions"}],"predecessor-version":[{"id":3004,"href":"https:\/\/ytheparis.com\/en\/wp-json\/wp\/v2\/product\/2011\/revisions\/3004"}],"wp:featuredmedia":[{"embeddable":true,"href":"https:\/\/ytheparis.com\/en\/wp-json\/wp\/v2\/media\/1948"}],"wp:attachment":[{"href":"https:\/\/ytheparis.com\/en\/wp-json\/wp\/v2\/media?parent=2011"}],"wp:term":[{"taxonomy":"product_brand","embeddable":true,"href":"https:\/\/ytheparis.com\/en\/wp-json\/wp\/v2\/product_brand?post=2011"},{"taxonomy":"product_cat","embeddable":true,"href":"https:\/\/ytheparis.com\/en\/wp-json\/wp\/v2\/product_cat?post=2011"},{"taxonomy":"product_tag","embeddable":true,"href":"https:\/\/ytheparis.com\/en\/wp-json\/wp\/v2\/product_tag?post=2011"}],"curies":[{"name":"wp","href":"https:\/\/api.w.org\/{rel}","templated":true}]}}