{"id":2008,"date":"2021-01-14T15:39:52","date_gmt":"2021-01-14T15:39:52","guid":{"rendered":"https:\/\/ytheparis.com\/?post_type=product&#038;p=2008"},"modified":"2021-04-10T17:54:06","modified_gmt":"2021-04-10T17:54:06","slug":"porte-cle-tressy-tanne","status":"publish","type":"product","link":"https:\/\/ytheparis.com\/en\/product\/porte-cle-tressy-tanne","title":{"rendered":"Porte-cl\u00e9s Tressy &#8211; Tanne"},"content":{"rendered":"<p>Porte cl\u00e9s en cuir tress\u00e9 fa\u00e7on scoubidou. Tress\u00e9 \u00e0 la main.<\/p>","protected":false},"excerpt":{"rendered":"<p>Porte cl\u00e9s en cuir tress\u00e9 fa\u00e7on scoubidou. Tress\u00e9 \u00e0 la main.<\/p>","protected":false},"featured_media":1942,"comment_status":"open","ping_status":"closed","template":"","meta":[],"product_brand":[],"product_cat":[74,102],"product_tag":[20,95,21,22,17,18],"class_list":{"0":"post-2008","1":"product","2":"type-product","3":"status-publish","4":"has-post-thumbnail","6":"product_cat-petite-maroquinerie","7":"product_cat-porte-cles-cuir","8":"product_tag-a5","9":"product_tag-airpods","10":"product_tag-cuir","11":"product_tag-maroquinerie","12":"product_tag-ythe","13":"product_tag-ythe-paris","15":"first","16":"instock","17":"taxable","18":"shipping-taxable","19":"purchasable","20":"product-type-simple"},"_links":{"self":[{"href":"https:\/\/ytheparis.com\/en\/wp-json\/wp\/v2\/product\/2008","targetHints":{"allow":["GET"]}}],"collection":[{"href":"https:\/\/ytheparis.com\/en\/wp-json\/wp\/v2\/product"}],"about":[{"href":"https:\/\/ytheparis.com\/en\/wp-json\/wp\/v2\/types\/product"}],"replies":[{"embeddable":true,"href":"https:\/\/ytheparis.com\/en\/wp-json\/wp\/v2\/comments?post=2008"}],"version-history":[{"count":3,"href":"https:\/\/ytheparis.com\/en\/wp-json\/wp\/v2\/product\/2008\/revisions"}],"predecessor-version":[{"id":3005,"href":"https:\/\/ytheparis.com\/en\/wp-json\/wp\/v2\/product\/2008\/revisions\/3005"}],"wp:featuredmedia":[{"embeddable":true,"href":"https:\/\/ytheparis.com\/en\/wp-json\/wp\/v2\/media\/1942"}],"wp:attachment":[{"href":"https:\/\/ytheparis.com\/en\/wp-json\/wp\/v2\/media?parent=2008"}],"wp:term":[{"taxonomy":"product_brand","embeddable":true,"href":"https:\/\/ytheparis.com\/en\/wp-json\/wp\/v2\/product_brand?post=2008"},{"taxonomy":"product_cat","embeddable":true,"href":"https:\/\/ytheparis.com\/en\/wp-json\/wp\/v2\/product_cat?post=2008"},{"taxonomy":"product_tag","embeddable":true,"href":"https:\/\/ytheparis.com\/en\/wp-json\/wp\/v2\/product_tag?post=2008"}],"curies":[{"name":"wp","href":"https:\/\/api.w.org\/{rel}","templated":true}]}}