{"id":1992,"date":"2021-01-14T15:25:21","date_gmt":"2021-01-14T15:25:21","guid":{"rendered":"https:\/\/ytheparis.com\/?post_type=product&#038;p=1992"},"modified":"2021-06-10T15:01:03","modified_gmt":"2021-06-10T15:01:03","slug":"porte-cartes-cuir-a5-menthe","status":"publish","type":"product","link":"https:\/\/ytheparis.com\/en\/product\/porte-cartes-cuir-a5-menthe","title":{"rendered":"A5 Card Holder - Mint"},"content":{"rendered":"<p>Le porte-cartes A5 est id\u00e9ale pour ranger vos cartes. Il se glisse facilement dans une poche ou dans un sac.\u00a0Chaque pi\u00e8ce est r\u00e9alis\u00e9e dans un seul morceau de cuir,\u00a0pli\u00e9e sur elle-m\u00eame et maintenue par 2 boutons de col\u00a0pour offrir deux positons de fermeture afin d&rsquo;adapter au mieux vos besoins d&rsquo;usage.<br \/>\nFabriqu\u00e9 en France.<\/p>","protected":false},"excerpt":{"rendered":"<p>Le porte-cartes A5 est id\u00e9ale pour ranger vos cartes. Il se glisse facilement dans une poche ou dans un sac.\u00a0Chaque pi\u00e8ce est r\u00e9alis\u00e9e dans un seul morceau de cuir,\u00a0pli\u00e9e sur elle-m\u00eame et maintenue par 2 boutons de col\u00a0pour offrir deux positons de fermeture afin d&rsquo;adapter au mieux vos besoins d&rsquo;usage. Fabriqu\u00e9 en France.<\/p>","protected":false},"featured_media":1922,"comment_status":"open","ping_status":"closed","template":"","meta":[],"product_brand":[],"product_cat":[74,31],"product_tag":[20,21,22,38,17,18],"class_list":{"0":"post-1992","1":"product","2":"type-product","3":"status-publish","4":"has-post-thumbnail","6":"product_cat-petite-maroquinerie","7":"product_cat-porte-cartes-cuir","8":"product_tag-a5","9":"product_tag-cuir","10":"product_tag-maroquinerie","11":"product_tag-porte-cartes","12":"product_tag-ythe","13":"product_tag-ythe-paris","14":"pif-has-gallery","16":"first","17":"instock","18":"taxable","19":"shipping-taxable","20":"purchasable","21":"product-type-simple"},"_links":{"self":[{"href":"https:\/\/ytheparis.com\/en\/wp-json\/wp\/v2\/product\/1992","targetHints":{"allow":["GET"]}}],"collection":[{"href":"https:\/\/ytheparis.com\/en\/wp-json\/wp\/v2\/product"}],"about":[{"href":"https:\/\/ytheparis.com\/en\/wp-json\/wp\/v2\/types\/product"}],"replies":[{"embeddable":true,"href":"https:\/\/ytheparis.com\/en\/wp-json\/wp\/v2\/comments?post=1992"}],"version-history":[{"count":2,"href":"https:\/\/ytheparis.com\/en\/wp-json\/wp\/v2\/product\/1992\/revisions"}],"predecessor-version":[{"id":3013,"href":"https:\/\/ytheparis.com\/en\/wp-json\/wp\/v2\/product\/1992\/revisions\/3013"}],"wp:featuredmedia":[{"embeddable":true,"href":"https:\/\/ytheparis.com\/en\/wp-json\/wp\/v2\/media\/1922"}],"wp:attachment":[{"href":"https:\/\/ytheparis.com\/en\/wp-json\/wp\/v2\/media?parent=1992"}],"wp:term":[{"taxonomy":"product_brand","embeddable":true,"href":"https:\/\/ytheparis.com\/en\/wp-json\/wp\/v2\/product_brand?post=1992"},{"taxonomy":"product_cat","embeddable":true,"href":"https:\/\/ytheparis.com\/en\/wp-json\/wp\/v2\/product_cat?post=1992"},{"taxonomy":"product_tag","embeddable":true,"href":"https:\/\/ytheparis.com\/en\/wp-json\/wp\/v2\/product_tag?post=1992"}],"curies":[{"name":"wp","href":"https:\/\/api.w.org\/{rel}","templated":true}]}}