{"id":1974,"date":"2021-01-14T15:13:30","date_gmt":"2021-01-14T15:13:30","guid":{"rendered":"https:\/\/ytheparis.com\/?post_type=product&#038;p=1974"},"modified":"2022-11-18T18:37:32","modified_gmt":"2022-11-18T18:37:32","slug":"etui-airpods-pro-cuir-a5-menthe","status":"publish","type":"product","link":"https:\/\/ytheparis.com\/en\/product\/etui-airpods-pro-cuir-a5-menthe","title":{"rendered":"A5 AirPods Pro Case - Mint"},"content":{"rendered":"<p>Petit \u00e9tui en cuir pour prot\u00e9ger vos AirPods Pro. Fermeture avec 2 boutons de cols. Un petit mousqueton vous permet de l&rsquo;accrocher aux sacs ou aux ceintures. Une ouverture sp\u00e9cifique permet de charger les \u00e9couteurs sans les enlever de l&rsquo;\u00e9tui.<\/p>","protected":false},"excerpt":{"rendered":"<p>Petit \u00e9tui en cuir pour prot\u00e9ger vos AirPods Pro. Fermeture avec 2 boutons de cols. Un petit mousqueton vous permet de l&rsquo;accrocher aux sacs ou aux ceintures. Une ouverture sp\u00e9cifique permet de charger les \u00e9couteurs sans les enlever de l&rsquo;\u00e9tui.<\/p>","protected":false},"featured_media":1902,"comment_status":"open","ping_status":"closed","template":"","meta":[],"product_brand":[],"product_cat":[94,74],"product_tag":[20,95,21,22,17,18],"class_list":{"0":"post-1974","1":"product","2":"type-product","3":"status-publish","4":"has-post-thumbnail","6":"product_cat-etui-airpods-cuir","7":"product_cat-petite-maroquinerie","8":"product_tag-a5","9":"product_tag-airpods","10":"product_tag-cuir","11":"product_tag-maroquinerie","12":"product_tag-ythe","13":"product_tag-ythe-paris","15":"first","16":"outofstock","17":"taxable","18":"shipping-taxable","19":"purchasable","20":"product-type-simple"},"_links":{"self":[{"href":"https:\/\/ytheparis.com\/en\/wp-json\/wp\/v2\/product\/1974","targetHints":{"allow":["GET"]}}],"collection":[{"href":"https:\/\/ytheparis.com\/en\/wp-json\/wp\/v2\/product"}],"about":[{"href":"https:\/\/ytheparis.com\/en\/wp-json\/wp\/v2\/types\/product"}],"replies":[{"embeddable":true,"href":"https:\/\/ytheparis.com\/en\/wp-json\/wp\/v2\/comments?post=1974"}],"version-history":[{"count":2,"href":"https:\/\/ytheparis.com\/en\/wp-json\/wp\/v2\/product\/1974\/revisions"}],"predecessor-version":[{"id":3023,"href":"https:\/\/ytheparis.com\/en\/wp-json\/wp\/v2\/product\/1974\/revisions\/3023"}],"wp:featuredmedia":[{"embeddable":true,"href":"https:\/\/ytheparis.com\/en\/wp-json\/wp\/v2\/media\/1902"}],"wp:attachment":[{"href":"https:\/\/ytheparis.com\/en\/wp-json\/wp\/v2\/media?parent=1974"}],"wp:term":[{"taxonomy":"product_brand","embeddable":true,"href":"https:\/\/ytheparis.com\/en\/wp-json\/wp\/v2\/product_brand?post=1974"},{"taxonomy":"product_cat","embeddable":true,"href":"https:\/\/ytheparis.com\/en\/wp-json\/wp\/v2\/product_cat?post=1974"},{"taxonomy":"product_tag","embeddable":true,"href":"https:\/\/ytheparis.com\/en\/wp-json\/wp\/v2\/product_tag?post=1974"}],"curies":[{"name":"wp","href":"https:\/\/api.w.org\/{rel}","templated":true}]}}