{"id":1951,"date":"2021-01-14T14:48:12","date_gmt":"2021-01-14T14:48:12","guid":{"rendered":"https:\/\/ytheparis.com\/?post_type=product&#038;p=1951"},"modified":"2021-04-10T19:29:17","modified_gmt":"2021-04-10T19:29:17","slug":"etui-airpods-cuir-a5-rouge-marron","status":"publish","type":"product","link":"https:\/\/ytheparis.com\/en\/product\/etui-airpods-cuir-a5-rouge-marron","title":{"rendered":"A5 AirPods Case - Red Brown"},"content":{"rendered":"<p>Petit \u00e9tui en cuir pour prot\u00e9ger vos AirPods. Fermeture avec 2 boutons de cols. Un petit mousqueton vous permet de l&rsquo;accrocher aux sacs ou aux ceintures. Une ouverture sp\u00e9cifique permet de charger les \u00e9couteurs sans les enlever de l&rsquo;\u00e9tui.<\/p>","protected":false},"excerpt":{"rendered":"<p>Petit \u00e9tui en cuir pour prot\u00e9ger vos AirPods. Fermeture avec 2 boutons de cols. Un petit mousqueton vous permet de l&rsquo;accrocher aux sacs ou aux ceintures. Une ouverture sp\u00e9cifique permet de charger les \u00e9couteurs sans les enlever de l&rsquo;\u00e9tui.<\/p>","protected":false},"featured_media":1915,"comment_status":"open","ping_status":"closed","template":"","meta":[],"product_brand":[],"product_cat":[94,74],"product_tag":[20,95,21,22,17,18],"class_list":{"0":"post-1951","1":"product","2":"type-product","3":"status-publish","4":"has-post-thumbnail","6":"product_cat-etui-airpods-cuir","7":"product_cat-petite-maroquinerie","8":"product_tag-a5","9":"product_tag-airpods","10":"product_tag-cuir","11":"product_tag-maroquinerie","12":"product_tag-ythe","13":"product_tag-ythe-paris","15":"first","16":"instock","17":"taxable","18":"shipping-taxable","19":"purchasable","20":"product-type-simple"},"_links":{"self":[{"href":"https:\/\/ytheparis.com\/en\/wp-json\/wp\/v2\/product\/1951","targetHints":{"allow":["GET"]}}],"collection":[{"href":"https:\/\/ytheparis.com\/en\/wp-json\/wp\/v2\/product"}],"about":[{"href":"https:\/\/ytheparis.com\/en\/wp-json\/wp\/v2\/types\/product"}],"replies":[{"embeddable":true,"href":"https:\/\/ytheparis.com\/en\/wp-json\/wp\/v2\/comments?post=1951"}],"version-history":[{"count":2,"href":"https:\/\/ytheparis.com\/en\/wp-json\/wp\/v2\/product\/1951\/revisions"}],"predecessor-version":[{"id":3032,"href":"https:\/\/ytheparis.com\/en\/wp-json\/wp\/v2\/product\/1951\/revisions\/3032"}],"wp:featuredmedia":[{"embeddable":true,"href":"https:\/\/ytheparis.com\/en\/wp-json\/wp\/v2\/media\/1915"}],"wp:attachment":[{"href":"https:\/\/ytheparis.com\/en\/wp-json\/wp\/v2\/media?parent=1951"}],"wp:term":[{"taxonomy":"product_brand","embeddable":true,"href":"https:\/\/ytheparis.com\/en\/wp-json\/wp\/v2\/product_brand?post=1951"},{"taxonomy":"product_cat","embeddable":true,"href":"https:\/\/ytheparis.com\/en\/wp-json\/wp\/v2\/product_cat?post=1951"},{"taxonomy":"product_tag","embeddable":true,"href":"https:\/\/ytheparis.com\/en\/wp-json\/wp\/v2\/product_tag?post=1951"}],"curies":[{"name":"wp","href":"https:\/\/api.w.org\/{rel}","templated":true}]}}