{"id":1949,"date":"2021-01-14T14:30:01","date_gmt":"2021-01-14T14:30:01","guid":{"rendered":"https:\/\/ytheparis.com\/?post_type=product&#038;p=1949"},"modified":"2022-04-21T13:35:14","modified_gmt":"2022-04-21T13:35:14","slug":"etui-airpods-cuir-a5-marine-2","status":"publish","type":"product","link":"https:\/\/ytheparis.com\/en\/product\/etui-airpods-cuir-a5-marine-2","title":{"rendered":"A5 AirPods Case - Navy"},"content":{"rendered":"<p>Petit \u00e9tui en cuir pour prot\u00e9ger vos AirPods. Fermeture avec 2 boutons de cols. Un petit mousqueton vous permet de l&rsquo;accrocher aux sacs ou aux ceintures. Une ouverture sp\u00e9cifique permet de charger les \u00e9couteurs sans les enlever de l&rsquo;\u00e9tui.<\/p>","protected":false},"excerpt":{"rendered":"<p>Petit \u00e9tui en cuir pour prot\u00e9ger vos AirPods. Fermeture avec 2 boutons de cols. Un petit mousqueton vous permet de l&rsquo;accrocher aux sacs ou aux ceintures. Une ouverture sp\u00e9cifique permet de charger les \u00e9couteurs sans les enlever de l&rsquo;\u00e9tui.<\/p>","protected":false},"featured_media":1917,"comment_status":"open","ping_status":"closed","template":"","meta":[],"product_brand":[],"product_cat":[94,74],"product_tag":[20,95,21,22,17,18],"class_list":{"0":"post-1949","1":"product","2":"type-product","3":"status-publish","4":"has-post-thumbnail","6":"product_cat-etui-airpods-cuir","7":"product_cat-petite-maroquinerie","8":"product_tag-a5","9":"product_tag-airpods","10":"product_tag-cuir","11":"product_tag-maroquinerie","12":"product_tag-ythe","13":"product_tag-ythe-paris","15":"first","16":"outofstock","17":"taxable","18":"shipping-taxable","19":"purchasable","20":"product-type-simple"},"_links":{"self":[{"href":"https:\/\/ytheparis.com\/en\/wp-json\/wp\/v2\/product\/1949","targetHints":{"allow":["GET"]}}],"collection":[{"href":"https:\/\/ytheparis.com\/en\/wp-json\/wp\/v2\/product"}],"about":[{"href":"https:\/\/ytheparis.com\/en\/wp-json\/wp\/v2\/types\/product"}],"replies":[{"embeddable":true,"href":"https:\/\/ytheparis.com\/en\/wp-json\/wp\/v2\/comments?post=1949"}],"version-history":[{"count":2,"href":"https:\/\/ytheparis.com\/en\/wp-json\/wp\/v2\/product\/1949\/revisions"}],"predecessor-version":[{"id":3033,"href":"https:\/\/ytheparis.com\/en\/wp-json\/wp\/v2\/product\/1949\/revisions\/3033"}],"wp:featuredmedia":[{"embeddable":true,"href":"https:\/\/ytheparis.com\/en\/wp-json\/wp\/v2\/media\/1917"}],"wp:attachment":[{"href":"https:\/\/ytheparis.com\/en\/wp-json\/wp\/v2\/media?parent=1949"}],"wp:term":[{"taxonomy":"product_brand","embeddable":true,"href":"https:\/\/ytheparis.com\/en\/wp-json\/wp\/v2\/product_brand?post=1949"},{"taxonomy":"product_cat","embeddable":true,"href":"https:\/\/ytheparis.com\/en\/wp-json\/wp\/v2\/product_cat?post=1949"},{"taxonomy":"product_tag","embeddable":true,"href":"https:\/\/ytheparis.com\/en\/wp-json\/wp\/v2\/product_tag?post=1949"}],"curies":[{"name":"wp","href":"https:\/\/api.w.org\/{rel}","templated":true}]}}