{"id":1398,"date":"2020-11-23T14:11:46","date_gmt":"2020-11-23T14:11:46","guid":{"rendered":"https:\/\/ytheparis.com\/?post_type=product&#038;p=1398"},"modified":"2021-04-11T06:44:48","modified_gmt":"2021-04-11T06:44:48","slug":"sac-sammy-cuir-ciel","status":"publish","type":"product","link":"https:\/\/ytheparis.com\/en\/product\/sac-sammy-cuir-ciel","title":{"rendered":"Sammy Bag - Ciel"},"content":{"rendered":"<p>Petit cartable en cuir de veau grain caviar. Il peut se porter \u00e0 la main, en bandouli\u00e8re ou \u00e0 la ceinture.<br \/>\nDoubl\u00e9 en cuir et dot\u00e9 d&rsquo;une petite poche int\u00e9rieur pour vos cartes.<\/p>","protected":false},"excerpt":{"rendered":"<p>Petit cartable en cuir de veau grain caviar. Il peut se porter \u00e0 la main, en bandouli\u00e8re ou \u00e0 la ceinture. Doubl\u00e9 en cuir et dot\u00e9 d&rsquo;une petite poche int\u00e9rieur pour vos cartes.<\/p>","protected":false},"featured_media":1379,"comment_status":"open","ping_status":"closed","template":"","meta":[],"product_brand":[],"product_cat":[73],"product_tag":[34,21,80,17,18],"class_list":{"0":"post-1398","1":"product","2":"type-product","3":"status-publish","4":"has-post-thumbnail","6":"product_cat-sacs-cuir","7":"product_tag-bleu","8":"product_tag-cuir","9":"product_tag-sac","10":"product_tag-ythe","11":"product_tag-ythe-paris","12":"pif-has-gallery","14":"first","15":"instock","16":"taxable","17":"shipping-taxable","18":"purchasable","19":"product-type-simple"},"_links":{"self":[{"href":"https:\/\/ytheparis.com\/en\/wp-json\/wp\/v2\/product\/1398","targetHints":{"allow":["GET"]}}],"collection":[{"href":"https:\/\/ytheparis.com\/en\/wp-json\/wp\/v2\/product"}],"about":[{"href":"https:\/\/ytheparis.com\/en\/wp-json\/wp\/v2\/types\/product"}],"replies":[{"embeddable":true,"href":"https:\/\/ytheparis.com\/en\/wp-json\/wp\/v2\/comments?post=1398"}],"version-history":[{"count":2,"href":"https:\/\/ytheparis.com\/en\/wp-json\/wp\/v2\/product\/1398\/revisions"}],"predecessor-version":[{"id":3040,"href":"https:\/\/ytheparis.com\/en\/wp-json\/wp\/v2\/product\/1398\/revisions\/3040"}],"wp:featuredmedia":[{"embeddable":true,"href":"https:\/\/ytheparis.com\/en\/wp-json\/wp\/v2\/media\/1379"}],"wp:attachment":[{"href":"https:\/\/ytheparis.com\/en\/wp-json\/wp\/v2\/media?parent=1398"}],"wp:term":[{"taxonomy":"product_brand","embeddable":true,"href":"https:\/\/ytheparis.com\/en\/wp-json\/wp\/v2\/product_brand?post=1398"},{"taxonomy":"product_cat","embeddable":true,"href":"https:\/\/ytheparis.com\/en\/wp-json\/wp\/v2\/product_cat?post=1398"},{"taxonomy":"product_tag","embeddable":true,"href":"https:\/\/ytheparis.com\/en\/wp-json\/wp\/v2\/product_tag?post=1398"}],"curies":[{"name":"wp","href":"https:\/\/api.w.org\/{rel}","templated":true}]}}