{"id":110,"date":"2020-05-14T15:56:45","date_gmt":"2020-05-14T15:56:45","guid":{"rendered":"https:\/\/ytheparis.live-website.com\/?post_type=product&#038;p=110"},"modified":"2021-04-10T20:16:20","modified_gmt":"2021-04-10T20:16:20","slug":"pochette-a5-cuir-rouge-marron","status":"publish","type":"product","link":"https:\/\/ytheparis.com\/en\/product\/pochette-a5-cuir-rouge-marron","title":{"rendered":"A5 Pouch - Red Brown"},"content":{"rendered":"<p>La pochette A5 est id\u00e9ale pour ranger vos cartes et documents,\u00a0elle se glisse facilement dans un sac ou se porte \u00e0 la main.\u00a0Chaque pi\u00e8ce est r\u00e9alis\u00e9e \u00e0 la main\u00a0 dans un seul morceau de cuir,\u00a0pli\u00e9e sur elle-m\u00eame et maintenue par 2 boutons de col\u00a0pour offrir deux positons de fermeture afin d&rsquo;adapter au mieux vos besoins d&rsquo;usage.<\/p>","protected":false},"excerpt":{"rendered":"<p>La pochette A5 est id\u00e9ale pour ranger vos cartes et documents,\u00a0elle se glisse facilement dans un sac ou se porte \u00e0 la main.\u00a0Chaque pi\u00e8ce est r\u00e9alis\u00e9e \u00e0 la main\u00a0 dans un seul morceau de cuir,\u00a0pli\u00e9e sur elle-m\u00eame et maintenue par 2 boutons de col\u00a0pour offrir deux positons de fermeture afin d&rsquo;adapter au mieux vos besoins [&hellip;]<\/p>","protected":false},"featured_media":21,"comment_status":"open","ping_status":"closed","template":"","meta":[],"product_brand":[],"product_cat":[16],"product_tag":[20,21,22,19,17,18],"class_list":{"0":"post-110","1":"product","2":"type-product","3":"status-publish","4":"has-post-thumbnail","6":"product_cat-pochettes-cuir","7":"product_tag-a5","8":"product_tag-cuir","9":"product_tag-maroquinerie","10":"product_tag-pochette","11":"product_tag-ythe","12":"product_tag-ythe-paris","14":"first","15":"instock","16":"taxable","17":"shipping-taxable","18":"purchasable","19":"product-type-simple"},"_links":{"self":[{"href":"https:\/\/ytheparis.com\/en\/wp-json\/wp\/v2\/product\/110","targetHints":{"allow":["GET"]}}],"collection":[{"href":"https:\/\/ytheparis.com\/en\/wp-json\/wp\/v2\/product"}],"about":[{"href":"https:\/\/ytheparis.com\/en\/wp-json\/wp\/v2\/types\/product"}],"replies":[{"embeddable":true,"href":"https:\/\/ytheparis.com\/en\/wp-json\/wp\/v2\/comments?post=110"}],"version-history":[{"count":3,"href":"https:\/\/ytheparis.com\/en\/wp-json\/wp\/v2\/product\/110\/revisions"}],"predecessor-version":[{"id":3069,"href":"https:\/\/ytheparis.com\/en\/wp-json\/wp\/v2\/product\/110\/revisions\/3069"}],"wp:featuredmedia":[{"embeddable":true,"href":"https:\/\/ytheparis.com\/en\/wp-json\/wp\/v2\/media\/21"}],"wp:attachment":[{"href":"https:\/\/ytheparis.com\/en\/wp-json\/wp\/v2\/media?parent=110"}],"wp:term":[{"taxonomy":"product_brand","embeddable":true,"href":"https:\/\/ytheparis.com\/en\/wp-json\/wp\/v2\/product_brand?post=110"},{"taxonomy":"product_cat","embeddable":true,"href":"https:\/\/ytheparis.com\/en\/wp-json\/wp\/v2\/product_cat?post=110"},{"taxonomy":"product_tag","embeddable":true,"href":"https:\/\/ytheparis.com\/en\/wp-json\/wp\/v2\/product_tag?post=110"}],"curies":[{"name":"wp","href":"https:\/\/api.w.org\/{rel}","templated":true}]}}