{"id":1045,"date":"2020-11-02T17:31:35","date_gmt":"2020-11-02T17:31:35","guid":{"rendered":"https:\/\/ytheparis.com\/?post_type=product&#038;p=1045"},"modified":"2021-09-12T16:59:30","modified_gmt":"2021-09-12T16:59:30","slug":"porte-cartes-double-victory-cuir-marron","status":"publish","type":"product","link":"https:\/\/ytheparis.com\/en\/product\/porte-cartes-double-victory-cuir-marron","title":{"rendered":"Victory Double Card Holder - Brown"},"content":{"rendered":"<p>Le porte-cartes double Victory est id\u00e9al pour ranger vos cartes.\u00a0Simple et intemporel, il se glisse facilement dans une poche ou dans un sac.\u00a0Chaque pi\u00e8ce est r\u00e9alis\u00e9e et cousue \u00e0 la main.<br \/>\nFabriqu\u00e9 en France.<\/p>","protected":false},"excerpt":{"rendered":"<p>Le porte-cartes double Victory est id\u00e9al pour ranger vos cartes.\u00a0Simple et intemporel, il se glisse facilement dans une poche ou dans un sac.\u00a0Chaque pi\u00e8ce est r\u00e9alis\u00e9e et cousue \u00e0 la main. Fabriqu\u00e9 en France.<\/p>","protected":false},"featured_media":1055,"comment_status":"open","ping_status":"closed","template":"","meta":[],"product_brand":[],"product_cat":[31],"product_tag":[21,22,41,38,39,37,17,18],"class_list":{"0":"post-1045","1":"product","2":"type-product","3":"status-publish","4":"has-post-thumbnail","6":"product_cat-porte-cartes-cuir","7":"product_tag-cuir","8":"product_tag-maroquinerie","9":"product_tag-marron","10":"product_tag-porte-cartes","11":"product_tag-victory","12":"product_tag-violet","13":"product_tag-ythe","14":"product_tag-ythe-paris","16":"first","17":"instock","18":"taxable","19":"shipping-taxable","20":"purchasable","21":"product-type-simple"},"_links":{"self":[{"href":"https:\/\/ytheparis.com\/en\/wp-json\/wp\/v2\/product\/1045","targetHints":{"allow":["GET"]}}],"collection":[{"href":"https:\/\/ytheparis.com\/en\/wp-json\/wp\/v2\/product"}],"about":[{"href":"https:\/\/ytheparis.com\/en\/wp-json\/wp\/v2\/types\/product"}],"replies":[{"embeddable":true,"href":"https:\/\/ytheparis.com\/en\/wp-json\/wp\/v2\/comments?post=1045"}],"version-history":[{"count":4,"href":"https:\/\/ytheparis.com\/en\/wp-json\/wp\/v2\/product\/1045\/revisions"}],"predecessor-version":[{"id":3061,"href":"https:\/\/ytheparis.com\/en\/wp-json\/wp\/v2\/product\/1045\/revisions\/3061"}],"wp:featuredmedia":[{"embeddable":true,"href":"https:\/\/ytheparis.com\/en\/wp-json\/wp\/v2\/media\/1055"}],"wp:attachment":[{"href":"https:\/\/ytheparis.com\/en\/wp-json\/wp\/v2\/media?parent=1045"}],"wp:term":[{"taxonomy":"product_brand","embeddable":true,"href":"https:\/\/ytheparis.com\/en\/wp-json\/wp\/v2\/product_brand?post=1045"},{"taxonomy":"product_cat","embeddable":true,"href":"https:\/\/ytheparis.com\/en\/wp-json\/wp\/v2\/product_cat?post=1045"},{"taxonomy":"product_tag","embeddable":true,"href":"https:\/\/ytheparis.com\/en\/wp-json\/wp\/v2\/product_tag?post=1045"}],"curies":[{"name":"wp","href":"https:\/\/api.w.org\/{rel}","templated":true}]}}