{"id":800,"date":"2020-10-29T15:40:13","date_gmt":"2020-10-29T15:40:13","guid":{"rendered":"https:\/\/ytheparis.com\/?page_id=800"},"modified":"2021-04-10T16:23:38","modified_gmt":"2021-04-10T16:23:38","slug":"envoi-et-retour","status":"publish","type":"page","link":"https:\/\/ytheparis.com\/en\/envoi-et-retour","title":{"rendered":"Envoi et Retour"},"content":{"rendered":"<div data-elementor-type=\"wp-page\" data-elementor-id=\"800\" class=\"elementor elementor-800\" data-elementor-post-type=\"page\">\n\t\t\t\t\t\t<section class=\"elementor-section elementor-top-section elementor-element elementor-element-b089dbc elementor-section-boxed elementor-section-height-default elementor-section-height-default\" data-id=\"b089dbc\" data-element_type=\"section\" data-e-type=\"section\">\n\t\t\t\t\t\t<div class=\"elementor-container elementor-column-gap-default\">\n\t\t\t\t\t<div class=\"aux-parallax-section elementor-column elementor-col-100 elementor-top-column elementor-element elementor-element-b14bdb8\" data-id=\"b14bdb8\" data-element_type=\"column\" data-e-type=\"column\">\n\t\t\t<div class=\"elementor-widget-wrap elementor-element-populated\">\n\t\t\t\t\t\t<div class=\"elementor-element elementor-element-cf66fd9 elementor-widget elementor-widget-spacer\" data-id=\"cf66fd9\" data-element_type=\"widget\" data-e-type=\"widget\" data-widget_type=\"spacer.default\">\n\t\t\t\t<div class=\"elementor-widget-container\">\n\t\t\t\t\t\t\t<div class=\"elementor-spacer\">\n\t\t\t<div class=\"elementor-spacer-inner\"><\/div>\n\t\t<\/div>\n\t\t\t\t\t\t<\/div>\n\t\t\t\t<\/div>\n\t\t\t\t<div class=\"elementor-element elementor-element-8b0985e elementor-widget elementor-widget-text-editor\" data-id=\"8b0985e\" data-element_type=\"widget\" data-e-type=\"widget\" data-widget_type=\"text-editor.default\">\n\t\t\t\t<div class=\"elementor-widget-container\">\n\t\t\t\t\t\t\t\t\t<p>LIVRAISONS FRANCE, EUROPE ET MONDE<\/p>\t\t\t\t\t\t\t\t<\/div>\n\t\t\t\t<\/div>\n\t\t\t\t\t<\/div>\n\t\t<\/div>\n\t\t\t\t\t<\/div>\n\t\t<\/section>\n\t\t\t\t<section class=\"elementor-section elementor-top-section elementor-element elementor-element-0c27e20 elementor-section-boxed elementor-section-height-default elementor-section-height-default\" data-id=\"0c27e20\" data-element_type=\"section\" data-e-type=\"section\">\n\t\t\t\t\t\t<div class=\"elementor-container elementor-column-gap-default\">\n\t\t\t\t\t<div class=\"aux-parallax-section elementor-column elementor-col-100 elementor-top-column elementor-element elementor-element-30b8197\" data-id=\"30b8197\" data-element_type=\"column\" data-e-type=\"column\">\n\t\t\t<div class=\"elementor-widget-wrap elementor-element-populated\">\n\t\t\t\t\t\t<div class=\"elementor-element elementor-element-3579f41 elementor-widget elementor-widget-text-editor\" data-id=\"3579f41\" data-element_type=\"widget\" data-e-type=\"widget\" data-widget_type=\"text-editor.default\">\n\t\t\t\t<div class=\"elementor-widget-container\">\n\t\t\t\t\t\t\t\t\t<p>Nous livrons partout dans le monde\u00a0par <strong>Colissimo<\/strong> !<br \/>Les d\u00e9lais de livraisons sont de <strong>1 \u00e0 3 jours pour la France, de 3 \u00e0 6 jours pour l\u2019Europe et de 6 \u00e0 10 jours pour le reste du monde.<\/strong><br \/><br \/><em><strong>Rappel :<\/strong> Les commandes sont exp\u00e9di\u00e9es sous un d\u00e9lai de 14 jours ouvr\u00e9s maximum, \u00e0 compter de leur encaissement, \u00e0 l\u2019adresse fournie par le client.<\/em><\/p>\t\t\t\t\t\t\t\t<\/div>\n\t\t\t\t<\/div>\n\t\t\t\t\t<\/div>\n\t\t<\/div>\n\t\t\t\t\t<\/div>\n\t\t<\/section>\n\t\t\t\t<section class=\"elementor-section elementor-top-section elementor-element elementor-element-edb3f8a elementor-section-boxed elementor-section-height-default elementor-section-height-default\" data-id=\"edb3f8a\" data-element_type=\"section\" data-e-type=\"section\">\n\t\t\t\t\t\t<div class=\"elementor-container elementor-column-gap-default\">\n\t\t\t\t\t<div class=\"aux-parallax-section elementor-column elementor-col-100 elementor-top-column elementor-element elementor-element-e153910\" data-id=\"e153910\" data-element_type=\"column\" data-e-type=\"column\">\n\t\t\t<div class=\"elementor-widget-wrap elementor-element-populated\">\n\t\t\t\t\t\t<div class=\"elementor-element elementor-element-59a96ca elementor-widget elementor-widget-spacer\" data-id=\"59a96ca\" data-element_type=\"widget\" data-e-type=\"widget\" data-widget_type=\"spacer.default\">\n\t\t\t\t<div class=\"elementor-widget-container\">\n\t\t\t\t\t\t\t<div class=\"elementor-spacer\">\n\t\t\t<div class=\"elementor-spacer-inner\"><\/div>\n\t\t<\/div>\n\t\t\t\t\t\t<\/div>\n\t\t\t\t<\/div>\n\t\t\t\t<div class=\"elementor-element elementor-element-169be95 elementor-widget elementor-widget-text-editor\" data-id=\"169be95\" data-element_type=\"widget\" data-e-type=\"widget\" data-widget_type=\"text-editor.default\">\n\t\t\t\t<div class=\"elementor-widget-container\">\n\t\t\t\t\t\t\t\t\t<p>RETOURS &#8211; \u00c9CHANGES<\/p>\t\t\t\t\t\t\t\t<\/div>\n\t\t\t\t<\/div>\n\t\t\t\t\t<\/div>\n\t\t<\/div>\n\t\t\t\t\t<\/div>\n\t\t<\/section>\n\t\t\t\t<section class=\"elementor-section elementor-top-section elementor-element elementor-element-7855278 elementor-section-boxed elementor-section-height-default elementor-section-height-default\" data-id=\"7855278\" data-element_type=\"section\" data-e-type=\"section\">\n\t\t\t\t\t\t<div class=\"elementor-container elementor-column-gap-default\">\n\t\t\t\t\t<div class=\"aux-parallax-section elementor-column elementor-col-100 elementor-top-column elementor-element elementor-element-81ed562\" data-id=\"81ed562\" data-element_type=\"column\" data-e-type=\"column\">\n\t\t\t<div class=\"elementor-widget-wrap elementor-element-populated\">\n\t\t\t\t\t\t<div class=\"elementor-element elementor-element-cf713c6 elementor-widget elementor-widget-text-editor\" data-id=\"cf713c6\" data-element_type=\"widget\" data-e-type=\"widget\" data-widget_type=\"text-editor.default\">\n\t\t\t\t<div class=\"elementor-widget-container\">\n\t\t\t\t\t\t\t\t\t<p>Nous assurons le service apr\u00e8s vente et assurons les demandes de retour de produits. <strong>Le client devra envoyer des photos du produit justifiant du d\u00e9faut ou de la d\u00e9faillance, ainsi que les raisons justifiant le retour.<\/strong><br \/>\u00a0<br \/>Il pourra alors \u00eatre proc\u00e9d\u00e9 \u00e0 un \u00e9change ou un remboursement sous r\u00e9serve que cela soit imputable \u00e0 un d\u00e9faut de fabrication.<br \/>\u00a0<br \/>Toutefois, nous nous r\u00e9servons un droit de regard sur celui-ci, sous r\u00e9serve des justificatifs.<\/p>\t\t\t\t\t\t\t\t<\/div>\n\t\t\t\t<\/div>\n\t\t\t\t\t<\/div>\n\t\t<\/div>\n\t\t\t\t\t<\/div>\n\t\t<\/section>\n\t\t\t\t<\/div>","protected":false},"excerpt":{"rendered":"<p>LIVRAISONS FRANCE, EUROPE ET MONDE Nous livrons partout dans le monde&nbsp;par Colissimo ! Les d\u00e9lais de livraisons sont de 1 \u00e0 3 jours pour la France, de 3 \u00e0 6 jours pour l\u2019Europe et de 6 \u00e0 10 jours pour le reste du monde. Rappel : Les commandes sont exp\u00e9di\u00e9es sous un d\u00e9lai de 14 [&hellip;]<\/p>","protected":false},"author":3,"featured_media":0,"parent":0,"menu_order":0,"comment_status":"closed","ping_status":"closed","template":"","meta":{"footnotes":""},"class_list":["post-800","page","type-page","status-publish","hentry"],"_links":{"self":[{"href":"https:\/\/ytheparis.com\/en\/wp-json\/wp\/v2\/pages\/800","targetHints":{"allow":["GET"]}}],"collection":[{"href":"https:\/\/ytheparis.com\/en\/wp-json\/wp\/v2\/pages"}],"about":[{"href":"https:\/\/ytheparis.com\/en\/wp-json\/wp\/v2\/types\/page"}],"author":[{"embeddable":true,"href":"https:\/\/ytheparis.com\/en\/wp-json\/wp\/v2\/users\/3"}],"replies":[{"embeddable":true,"href":"https:\/\/ytheparis.com\/en\/wp-json\/wp\/v2\/comments?post=800"}],"version-history":[{"count":3,"href":"https:\/\/ytheparis.com\/en\/wp-json\/wp\/v2\/pages\/800\/revisions"}],"predecessor-version":[{"id":3404,"href":"https:\/\/ytheparis.com\/en\/wp-json\/wp\/v2\/pages\/800\/revisions\/3404"}],"wp:attachment":[{"href":"https:\/\/ytheparis.com\/en\/wp-json\/wp\/v2\/media?parent=800"}],"curies":[{"name":"wp","href":"https:\/\/api.w.org\/{rel}","templated":true}]}}