{"id":795,"date":"2020-10-29T15:34:15","date_gmt":"2020-10-29T15:34:15","guid":{"rendered":"https:\/\/ytheparis.com\/?page_id=795"},"modified":"2021-04-10T16:23:01","modified_gmt":"2021-04-10T16:23:01","slug":"entretien","status":"publish","type":"page","link":"https:\/\/ytheparis.com\/en\/entretien","title":{"rendered":"Entretien"},"content":{"rendered":"<div data-elementor-type=\"wp-page\" data-elementor-id=\"795\" class=\"elementor elementor-795\" data-elementor-post-type=\"page\">\n\t\t\t\t\t\t<section class=\"elementor-section elementor-top-section elementor-element elementor-element-c5b35b2 elementor-section-boxed elementor-section-height-default elementor-section-height-default\" data-id=\"c5b35b2\" data-element_type=\"section\" data-e-type=\"section\">\n\t\t\t\t\t\t<div class=\"elementor-container elementor-column-gap-default\">\n\t\t\t\t\t<div class=\"aux-parallax-section elementor-column elementor-col-100 elementor-top-column elementor-element elementor-element-2b935ab\" data-id=\"2b935ab\" data-element_type=\"column\" data-e-type=\"column\">\n\t\t\t<div class=\"elementor-widget-wrap elementor-element-populated\">\n\t\t\t\t\t\t<div class=\"elementor-element elementor-element-39013ba elementor-widget elementor-widget-spacer\" data-id=\"39013ba\" data-element_type=\"widget\" data-e-type=\"widget\" data-widget_type=\"spacer.default\">\n\t\t\t\t<div class=\"elementor-widget-container\">\n\t\t\t\t\t\t\t<div class=\"elementor-spacer\">\n\t\t\t<div class=\"elementor-spacer-inner\"><\/div>\n\t\t<\/div>\n\t\t\t\t\t\t<\/div>\n\t\t\t\t<\/div>\n\t\t\t\t<div class=\"elementor-element elementor-element-3735e84 elementor-widget elementor-widget-text-editor\" data-id=\"3735e84\" data-element_type=\"widget\" data-e-type=\"widget\" data-widget_type=\"text-editor.default\">\n\t\t\t\t<div class=\"elementor-widget-container\">\n\t\t\t\t\t\t\t\t\t<p>L&rsquo;ENTRETIEN DU CUIR<\/p>\t\t\t\t\t\t\t\t<\/div>\n\t\t\t\t<\/div>\n\t\t\t\t\t<\/div>\n\t\t<\/div>\n\t\t\t\t\t<\/div>\n\t\t<\/section>\n\t\t\t\t<section class=\"elementor-section elementor-top-section elementor-element elementor-element-1ab2022 elementor-section-boxed elementor-section-height-default elementor-section-height-default\" data-id=\"1ab2022\" data-element_type=\"section\" data-e-type=\"section\">\n\t\t\t\t\t\t<div class=\"elementor-container elementor-column-gap-default\">\n\t\t\t\t\t<div class=\"aux-parallax-section elementor-column elementor-col-100 elementor-top-column elementor-element elementor-element-7295aaa\" data-id=\"7295aaa\" data-element_type=\"column\" data-e-type=\"column\">\n\t\t\t<div class=\"elementor-widget-wrap elementor-element-populated\">\n\t\t\t\t\t\t<div class=\"elementor-element elementor-element-bf92a1b elementor-widget elementor-widget-text-editor\" data-id=\"bf92a1b\" data-element_type=\"widget\" data-e-type=\"widget\" data-widget_type=\"text-editor.default\">\n\t\t\t\t<div class=\"elementor-widget-container\">\n\t\t\t\t\t\t\t\t\t<p><strong>We have selected high quality leather to make your bag.<\/strong><br>In order to preserve its beauty, we suggest that you follow these few recommendations:<br>- Avoid contact with water, grease, perfumes or cosmetics. If your bag gets wet, dab the leather with a soft, clear cloth to absorb the liquid.<br>- Avoid prolonged exposure to heat or intense light sources.<br>- Be careful not to scratch it when it comes into contact with abrasive surfaces.<br>&#8211; prendre garde \u00e0 ne pas l&rsquo;associer avec des textiles dont les couleurs ne sont pas fix\u00e9es, par exemple un jean brut, car les couleurs migrent vers le cuir par frottement.<br>- do not enclose it in a plastic bag, put it in its protective dust bag instead. Do not store it in a place that is too hot, humid or unventilated.<br>Each leather is unique: variations in colour, small marks or veins are natural elements and should not be considered as imperfections.<\/p>\t\t\t\t\t\t\t\t<\/div>\n\t\t\t\t<\/div>\n\t\t\t\t\t<\/div>\n\t\t<\/div>\n\t\t\t\t\t<\/div>\n\t\t<\/section>\n\t\t\t\t<\/div>","protected":false},"excerpt":{"rendered":"<p>L&rsquo;ENTRETIEN DU CUIR Nous avons s\u00e9lectionn\u00e9 les peaux de haute qualit\u00e9 pour r\u00e9aliser votre sac. Afin d\u2019en pr\u00e9server la beaut\u00e9, nous vous pr\u00e9conisons de suivre ces quelques recommandations : &#8211; \u00e9viter le contact avec l\u2019eau, la graisse, les parfums ou les produits cosm\u00e9tiques. Si votre sac venait \u00e0 \u00eatre mouill\u00e9, tamponnez-le cuir avec un tissu [&hellip;]<\/p>","protected":false},"author":3,"featured_media":0,"parent":0,"menu_order":0,"comment_status":"closed","ping_status":"closed","template":"","meta":{"footnotes":""},"class_list":["post-795","page","type-page","status-publish","hentry"],"_links":{"self":[{"href":"https:\/\/ytheparis.com\/en\/wp-json\/wp\/v2\/pages\/795","targetHints":{"allow":["GET"]}}],"collection":[{"href":"https:\/\/ytheparis.com\/en\/wp-json\/wp\/v2\/pages"}],"about":[{"href":"https:\/\/ytheparis.com\/en\/wp-json\/wp\/v2\/types\/page"}],"author":[{"embeddable":true,"href":"https:\/\/ytheparis.com\/en\/wp-json\/wp\/v2\/users\/3"}],"replies":[{"embeddable":true,"href":"https:\/\/ytheparis.com\/en\/wp-json\/wp\/v2\/comments?post=795"}],"version-history":[{"count":10,"href":"https:\/\/ytheparis.com\/en\/wp-json\/wp\/v2\/pages\/795\/revisions"}],"predecessor-version":[{"id":3403,"href":"https:\/\/ytheparis.com\/en\/wp-json\/wp\/v2\/pages\/795\/revisions\/3403"}],"wp:attachment":[{"href":"https:\/\/ytheparis.com\/en\/wp-json\/wp\/v2\/media?parent=795"}],"curies":[{"name":"wp","href":"https:\/\/api.w.org\/{rel}","templated":true}]}}