{"id":304,"date":"2020-10-10T13:41:27","date_gmt":"2020-10-10T13:41:27","guid":{"rendered":"https:\/\/ytheparis.com\/?page_id=304"},"modified":"2022-09-05T15:01:47","modified_gmt":"2022-09-05T15:01:47","slug":"statement","status":"publish","type":"page","link":"https:\/\/ytheparis.com\/en\/statement","title":{"rendered":"Statement"},"content":{"rendered":"<div data-elementor-type=\"wp-page\" data-elementor-id=\"304\" class=\"elementor elementor-304\" data-elementor-post-type=\"page\">\n\t\t\t\t\t\t<section class=\"elementor-section elementor-top-section elementor-element elementor-element-b4a323a elementor-section-boxed elementor-section-height-default elementor-section-height-default\" data-id=\"b4a323a\" data-element_type=\"section\" data-e-type=\"section\">\n\t\t\t\t\t\t<div class=\"elementor-container elementor-column-gap-default\">\n\t\t\t\t\t<div class=\"aux-parallax-section elementor-column elementor-col-100 elementor-top-column elementor-element elementor-element-91e0ca5\" data-id=\"91e0ca5\" data-element_type=\"column\" data-e-type=\"column\">\n\t\t\t<div class=\"elementor-widget-wrap elementor-element-populated\">\n\t\t\t\t\t\t<div class=\"elementor-element elementor-element-d55d9fe elementor-hidden-phone elementor-widget elementor-widget-spacer\" data-id=\"d55d9fe\" data-element_type=\"widget\" data-e-type=\"widget\" data-widget_type=\"spacer.default\">\n\t\t\t\t<div class=\"elementor-widget-container\">\n\t\t\t\t\t\t\t<div class=\"elementor-spacer\">\n\t\t\t<div class=\"elementor-spacer-inner\"><\/div>\n\t\t<\/div>\n\t\t\t\t\t\t<\/div>\n\t\t\t\t<\/div>\n\t\t\t\t\t<\/div>\n\t\t<\/div>\n\t\t\t\t\t<\/div>\n\t\t<\/section>\n\t\t\t\t<section class=\"elementor-section elementor-top-section elementor-element elementor-element-377b215 elementor-section-boxed elementor-section-height-default elementor-section-height-default\" data-id=\"377b215\" data-element_type=\"section\" data-e-type=\"section\">\n\t\t\t\t\t\t<div class=\"elementor-container elementor-column-gap-default\">\n\t\t\t\t\t<div class=\"aux-parallax-section elementor-column elementor-col-100 elementor-top-column elementor-element elementor-element-98edc88\" data-id=\"98edc88\" data-element_type=\"column\" data-e-type=\"column\">\n\t\t\t<div class=\"elementor-widget-wrap elementor-element-populated\">\n\t\t\t\t\t\t<div class=\"elementor-element elementor-element-092ea40 elementor-widget elementor-widget-heading\" data-id=\"092ea40\" data-element_type=\"widget\" data-e-type=\"widget\" data-widget_type=\"heading.default\">\n\t\t\t\t<div class=\"elementor-widget-container\">\n\t\t\t\t\t<h1 class=\"elementor-heading-title elementor-size-default\">Maroquinerie artisanale YTHE Paris : <br>nos engagements<br><\/h1>\t\t\t\t<\/div>\n\t\t\t\t<\/div>\n\t\t\t\t\t<\/div>\n\t\t<\/div>\n\t\t\t\t\t<\/div>\n\t\t<\/section>\n\t\t\t\t<section class=\"elementor-section elementor-top-section elementor-element elementor-element-508ee5a elementor-section-stretched elementor-section-boxed elementor-section-height-default elementor-section-height-default\" data-id=\"508ee5a\" data-element_type=\"section\" data-e-type=\"section\" data-settings=\"{&quot;stretch_section&quot;:&quot;section-stretched&quot;}\">\n\t\t\t\t\t\t<div class=\"elementor-container elementor-column-gap-default\">\n\t\t\t\t\t<div class=\"aux-parallax-section elementor-column elementor-col-50 elementor-top-column elementor-element elementor-element-c30f95a\" data-id=\"c30f95a\" data-element_type=\"column\" data-e-type=\"column\">\n\t\t\t<div class=\"elementor-widget-wrap elementor-element-populated\">\n\t\t\t\t\t\t<div class=\"elementor-element elementor-element-7c7c674 elementor-widget elementor-widget-image\" data-id=\"7c7c674\" data-element_type=\"widget\" data-e-type=\"widget\" data-widget_type=\"image.default\">\n\t\t\t\t<div class=\"elementor-widget-container\">\n\t\t\t\t\t\t\t\t\t\t\t\t\t\t\t<img fetchpriority=\"high\" decoding=\"async\" width=\"1024\" height=\"1024\" src=\"https:\/\/ytheparis.com\/wp-content\/uploads\/2020\/11\/PHOTO02-1024x1024.jpg\" class=\"attachment-large size-large wp-image-1024\" alt=\"\" srcset=\"https:\/\/ytheparis.com\/wp-content\/uploads\/2020\/11\/PHOTO02-1024x1024.jpg 1024w, https:\/\/ytheparis.com\/wp-content\/uploads\/2020\/11\/PHOTO02-300x300.jpg 300w, https:\/\/ytheparis.com\/wp-content\/uploads\/2020\/11\/PHOTO02-150x150.jpg 150w, https:\/\/ytheparis.com\/wp-content\/uploads\/2020\/11\/PHOTO02-768x768.jpg 768w, https:\/\/ytheparis.com\/wp-content\/uploads\/2020\/11\/PHOTO02-500x500.jpg 500w, https:\/\/ytheparis.com\/wp-content\/uploads\/2020\/11\/PHOTO02-100x100.jpg 100w\" sizes=\"(max-width: 1024px) 100vw, 1024px\" \/>\t\t\t\t\t\t\t\t\t\t\t\t\t\t\t<\/div>\n\t\t\t\t<\/div>\n\t\t\t\t\t<\/div>\n\t\t<\/div>\n\t\t\t\t<div class=\"aux-parallax-section elementor-column elementor-col-50 elementor-top-column elementor-element elementor-element-f7b0fe9\" data-id=\"f7b0fe9\" data-element_type=\"column\" data-e-type=\"column\">\n\t\t\t<div class=\"elementor-widget-wrap elementor-element-populated\">\n\t\t\t\t\t\t<div class=\"elementor-element elementor-element-4487039 elementor-widget elementor-widget-text-editor\" data-id=\"4487039\" data-element_type=\"widget\" data-e-type=\"widget\" data-widget_type=\"text-editor.default\">\n\t\t\t\t<div class=\"elementor-widget-container\">\n\t\t\t\t\t\t\t\t\t<div id=\"comp-k98o9vkl5\" class=\"_1Z_nJ\" data-testid=\"richTextElement\"><h3 class=\"font_0\"><strong><span class=\"color_15\">UPCYCLING FASHION<\/span><\/strong><\/h3><p class=\"font_0\"><em><span class=\"color_15\"><br \/>Sourcing responsable<\/span><\/em><\/p><p>\u00a0<\/p><\/div><div id=\"comp-k98o9vkm\" class=\"_1Z_nJ\" data-testid=\"richTextElement\"><p class=\"font_8\">Avec un cuir provenant des stocks dormants des grandes tanneries fran\u00e7aises, nous s\u00e9lectionnons le meilleur pour vos offrir des accessoires issus d\u2019un artisanat de qualit\u00e9 et surtout responsable pour l\u2019environnement.<\/p><\/div>\t\t\t\t\t\t\t\t<\/div>\n\t\t\t\t<\/div>\n\t\t\t\t\t<\/div>\n\t\t<\/div>\n\t\t\t\t\t<\/div>\n\t\t<\/section>\n\t\t\t\t<section class=\"elementor-section elementor-top-section elementor-element elementor-element-89ddc1b elementor-section-boxed elementor-section-height-default elementor-section-height-default\" data-id=\"89ddc1b\" data-element_type=\"section\" data-e-type=\"section\">\n\t\t\t\t\t\t<div class=\"elementor-container elementor-column-gap-default\">\n\t\t\t\t\t<div class=\"aux-parallax-section elementor-column elementor-col-100 elementor-top-column elementor-element elementor-element-aed7195\" data-id=\"aed7195\" data-element_type=\"column\" data-e-type=\"column\">\n\t\t\t<div class=\"elementor-widget-wrap elementor-element-populated\">\n\t\t\t\t\t\t<div class=\"elementor-element elementor-element-5251dd8 elementor-widget elementor-widget-spacer\" data-id=\"5251dd8\" data-element_type=\"widget\" data-e-type=\"widget\" data-widget_type=\"spacer.default\">\n\t\t\t\t<div class=\"elementor-widget-container\">\n\t\t\t\t\t\t\t<div class=\"elementor-spacer\">\n\t\t\t<div class=\"elementor-spacer-inner\"><\/div>\n\t\t<\/div>\n\t\t\t\t\t\t<\/div>\n\t\t\t\t<\/div>\n\t\t\t\t\t<\/div>\n\t\t<\/div>\n\t\t\t\t\t<\/div>\n\t\t<\/section>\n\t\t\t\t<section class=\"elementor-section elementor-top-section elementor-element elementor-element-1842285 elementor-section-stretched elementor-reverse-mobile elementor-section-boxed elementor-section-height-default elementor-section-height-default\" data-id=\"1842285\" data-element_type=\"section\" data-e-type=\"section\" data-settings=\"{&quot;stretch_section&quot;:&quot;section-stretched&quot;}\">\n\t\t\t\t\t\t<div class=\"elementor-container elementor-column-gap-default\">\n\t\t\t\t\t<div class=\"aux-parallax-section elementor-column elementor-col-50 elementor-top-column elementor-element elementor-element-b9f8192\" data-id=\"b9f8192\" data-element_type=\"column\" data-e-type=\"column\">\n\t\t\t<div class=\"elementor-widget-wrap elementor-element-populated\">\n\t\t\t\t\t\t<div class=\"elementor-element elementor-element-297e82c elementor-widget elementor-widget-text-editor\" data-id=\"297e82c\" data-element_type=\"widget\" data-e-type=\"widget\" data-widget_type=\"text-editor.default\">\n\t\t\t\t<div class=\"elementor-widget-container\">\n\t\t\t\t\t\t\t\t\t<div id=\"comp-k98o9vkl5\" class=\"_1Z_nJ\" data-testid=\"richTextElement\">\n<h3 class=\"font_0\"><strong><span class=\"color_15\">GENDERLESS ELEGANCE<\/span><\/strong><\/h3>\n<p class=\"font_0\"><em><span class=\"color_15\"><br>Minimalism<\/span><\/em><\/p>\n<p><\/p>\n<\/div>\n<div id=\"comp-k98o9vkm\" class=\"_1Z_nJ\" data-testid=\"richTextElement\">\n<p class=\"font_8\">Parce que le style n\u2019est pas d\u00e9fini par une \u00e9poque ou un&nbsp;genre,&nbsp;YTHE vous offre des pi\u00e8ces intemporelles et&nbsp;singuli\u00e8res,&nbsp;qui&nbsp;expriment votre personnalit\u00e9.<\/p>\n<\/div>\t\t\t\t\t\t\t\t<\/div>\n\t\t\t\t<\/div>\n\t\t\t\t\t<\/div>\n\t\t<\/div>\n\t\t\t\t<div class=\"aux-parallax-section elementor-column elementor-col-50 elementor-top-column elementor-element elementor-element-09f78be\" data-id=\"09f78be\" data-element_type=\"column\" data-e-type=\"column\">\n\t\t\t<div class=\"elementor-widget-wrap elementor-element-populated\">\n\t\t\t\t\t\t<div class=\"elementor-element elementor-element-ff465c0 elementor-widget elementor-widget-image\" data-id=\"ff465c0\" data-element_type=\"widget\" data-e-type=\"widget\" data-widget_type=\"image.default\">\n\t\t\t\t<div class=\"elementor-widget-container\">\n\t\t\t\t\t\t\t\t\t\t\t\t\t\t\t<img decoding=\"async\" width=\"1024\" height=\"1024\" src=\"https:\/\/ytheparis.com\/wp-content\/uploads\/2020\/11\/PHOTO03-1024x1024.jpg\" class=\"attachment-large size-large wp-image-1025\" alt=\"\" srcset=\"https:\/\/ytheparis.com\/wp-content\/uploads\/2020\/11\/PHOTO03-1024x1024.jpg 1024w, https:\/\/ytheparis.com\/wp-content\/uploads\/2020\/11\/PHOTO03-300x300.jpg 300w, https:\/\/ytheparis.com\/wp-content\/uploads\/2020\/11\/PHOTO03-150x150.jpg 150w, https:\/\/ytheparis.com\/wp-content\/uploads\/2020\/11\/PHOTO03-768x768.jpg 768w, https:\/\/ytheparis.com\/wp-content\/uploads\/2020\/11\/PHOTO03-500x500.jpg 500w, https:\/\/ytheparis.com\/wp-content\/uploads\/2020\/11\/PHOTO03-100x100.jpg 100w\" sizes=\"(max-width: 1024px) 100vw, 1024px\" \/>\t\t\t\t\t\t\t\t\t\t\t\t\t\t\t<\/div>\n\t\t\t\t<\/div>\n\t\t\t\t\t<\/div>\n\t\t<\/div>\n\t\t\t\t\t<\/div>\n\t\t<\/section>\n\t\t\t\t<section class=\"elementor-section elementor-top-section elementor-element elementor-element-37dd9c4 elementor-section-boxed elementor-section-height-default elementor-section-height-default\" data-id=\"37dd9c4\" data-element_type=\"section\" data-e-type=\"section\">\n\t\t\t\t\t\t<div class=\"elementor-container elementor-column-gap-default\">\n\t\t\t\t\t<div class=\"aux-parallax-section elementor-column elementor-col-100 elementor-top-column elementor-element elementor-element-b2fa578\" data-id=\"b2fa578\" data-element_type=\"column\" data-e-type=\"column\">\n\t\t\t<div class=\"elementor-widget-wrap elementor-element-populated\">\n\t\t\t\t\t\t<div class=\"elementor-element elementor-element-cd67509 elementor-widget elementor-widget-spacer\" data-id=\"cd67509\" data-element_type=\"widget\" data-e-type=\"widget\" data-widget_type=\"spacer.default\">\n\t\t\t\t<div class=\"elementor-widget-container\">\n\t\t\t\t\t\t\t<div class=\"elementor-spacer\">\n\t\t\t<div class=\"elementor-spacer-inner\"><\/div>\n\t\t<\/div>\n\t\t\t\t\t\t<\/div>\n\t\t\t\t<\/div>\n\t\t\t\t\t<\/div>\n\t\t<\/div>\n\t\t\t\t\t<\/div>\n\t\t<\/section>\n\t\t\t\t<section class=\"elementor-section elementor-top-section elementor-element elementor-element-d1100f9 elementor-section-stretched elementor-section-boxed elementor-section-height-default elementor-section-height-default\" data-id=\"d1100f9\" data-element_type=\"section\" data-e-type=\"section\" data-settings=\"{&quot;stretch_section&quot;:&quot;section-stretched&quot;}\">\n\t\t\t\t\t\t<div class=\"elementor-container elementor-column-gap-default\">\n\t\t\t\t\t<div class=\"aux-parallax-section elementor-column elementor-col-50 elementor-top-column elementor-element elementor-element-21999eb\" data-id=\"21999eb\" data-element_type=\"column\" data-e-type=\"column\">\n\t\t\t<div class=\"elementor-widget-wrap elementor-element-populated\">\n\t\t\t\t\t\t<div class=\"elementor-element elementor-element-326bbe0 elementor-widget elementor-widget-image\" data-id=\"326bbe0\" data-element_type=\"widget\" data-e-type=\"widget\" data-widget_type=\"image.default\">\n\t\t\t\t<div class=\"elementor-widget-container\">\n\t\t\t\t\t\t\t\t\t\t\t\t\t\t\t<img decoding=\"async\" width=\"1024\" height=\"1024\" src=\"https:\/\/ytheparis.com\/wp-content\/uploads\/2020\/11\/PHOTO01-1024x1024.jpg\" class=\"attachment-large size-large wp-image-1023\" alt=\"\" srcset=\"https:\/\/ytheparis.com\/wp-content\/uploads\/2020\/11\/PHOTO01-1024x1024.jpg 1024w, https:\/\/ytheparis.com\/wp-content\/uploads\/2020\/11\/PHOTO01-300x300.jpg 300w, https:\/\/ytheparis.com\/wp-content\/uploads\/2020\/11\/PHOTO01-150x150.jpg 150w, https:\/\/ytheparis.com\/wp-content\/uploads\/2020\/11\/PHOTO01-768x768.jpg 768w, https:\/\/ytheparis.com\/wp-content\/uploads\/2020\/11\/PHOTO01-500x500.jpg 500w, https:\/\/ytheparis.com\/wp-content\/uploads\/2020\/11\/PHOTO01-100x100.jpg 100w\" sizes=\"(max-width: 1024px) 100vw, 1024px\" \/>\t\t\t\t\t\t\t\t\t\t\t\t\t\t\t<\/div>\n\t\t\t\t<\/div>\n\t\t\t\t\t<\/div>\n\t\t<\/div>\n\t\t\t\t<div class=\"aux-parallax-section elementor-column elementor-col-50 elementor-top-column elementor-element elementor-element-13426dc\" data-id=\"13426dc\" data-element_type=\"column\" data-e-type=\"column\">\n\t\t\t<div class=\"elementor-widget-wrap elementor-element-populated\">\n\t\t\t\t\t\t<div class=\"elementor-element elementor-element-40a58c7 elementor-widget elementor-widget-text-editor\" data-id=\"40a58c7\" data-element_type=\"widget\" data-e-type=\"widget\" data-widget_type=\"text-editor.default\">\n\t\t\t\t<div class=\"elementor-widget-container\">\n\t\t\t\t\t\t\t\t\t<div id=\"comp-k98o9vkl5\" class=\"_1Z_nJ\" data-testid=\"richTextElement\"><h3 class=\"font_0\"><strong><span class=\"color_15\">SLOW LUXE<\/span><\/strong><\/h3><p class=\"font_0\"><em><span class=\"color_15\"><br \/>Made in France<br \/><br \/><\/span><\/em><\/p><\/div><div id=\"comp-k98o9vkm\" class=\"_1Z_nJ\" data-testid=\"richTextElement\"><p class=\"font_8\">Toute notre maroquinerie, comme par exemple le porte-carte\u00a0VICTORY, est 100% d\u00e9sign\u00e9e, con\u00e7ue et fabriqu\u00e9e\u00a0en\u00a0France,\u00a0en r\u00e9gion parisienne.<\/p><\/div>\t\t\t\t\t\t\t\t<\/div>\n\t\t\t\t<\/div>\n\t\t\t\t\t<\/div>\n\t\t<\/div>\n\t\t\t\t\t<\/div>\n\t\t<\/section>\n\t\t\t\t<\/div>","protected":false},"excerpt":{"rendered":"<p>Maroquinerie artisanale YTHE Paris : nos engagements UPCYCLING FASHION Sourcing responsable \u00a0 Avec un cuir provenant des stocks dormants des grandes tanneries fran\u00e7aises, nous s\u00e9lectionnons le meilleur pour vos offrir des accessoires issus d\u2019un artisanat de qualit\u00e9 et surtout responsable pour l\u2019environnement. GENDERLESS ELEGANCE Minimalism Parce que le style n\u2019est pas d\u00e9fini par une \u00e9poque [&hellip;]<\/p>","protected":false},"author":3,"featured_media":0,"parent":0,"menu_order":0,"comment_status":"closed","ping_status":"closed","template":"","meta":{"footnotes":""},"class_list":["post-304","page","type-page","status-publish","hentry"],"_links":{"self":[{"href":"https:\/\/ytheparis.com\/en\/wp-json\/wp\/v2\/pages\/304","targetHints":{"allow":["GET"]}}],"collection":[{"href":"https:\/\/ytheparis.com\/en\/wp-json\/wp\/v2\/pages"}],"about":[{"href":"https:\/\/ytheparis.com\/en\/wp-json\/wp\/v2\/types\/page"}],"author":[{"embeddable":true,"href":"https:\/\/ytheparis.com\/en\/wp-json\/wp\/v2\/users\/3"}],"replies":[{"embeddable":true,"href":"https:\/\/ytheparis.com\/en\/wp-json\/wp\/v2\/comments?post=304"}],"version-history":[{"count":36,"href":"https:\/\/ytheparis.com\/en\/wp-json\/wp\/v2\/pages\/304\/revisions"}],"predecessor-version":[{"id":12296,"href":"https:\/\/ytheparis.com\/en\/wp-json\/wp\/v2\/pages\/304\/revisions\/12296"}],"wp:attachment":[{"href":"https:\/\/ytheparis.com\/en\/wp-json\/wp\/v2\/media?parent=304"}],"curies":[{"name":"wp","href":"https:\/\/api.w.org\/{rel}","templated":true}]}}