{"id":143,"date":"2020-06-19T10:02:11","date_gmt":"2020-06-19T10:02:11","guid":{"rendered":"http:\/\/ytheparis.com\/?page_id=143"},"modified":"2022-09-23T10:07:22","modified_gmt":"2022-09-23T10:07:22","slug":"nos-boutiques","status":"publish","type":"page","link":"https:\/\/ytheparis.com\/en\/nos-boutiques","title":{"rendered":"Store"},"content":{"rendered":"<div data-elementor-type=\"wp-page\" data-elementor-id=\"143\" class=\"elementor elementor-143\" data-elementor-post-type=\"page\">\n\t\t\t\t\t\t<section class=\"elementor-section elementor-top-section elementor-element elementor-element-2c8049a elementor-section-boxed elementor-section-height-default elementor-section-height-default\" data-id=\"2c8049a\" data-element_type=\"section\" data-e-type=\"section\">\n\t\t\t\t\t\t<div class=\"elementor-container elementor-column-gap-default\">\n\t\t\t\t\t<div class=\"aux-parallax-section elementor-column elementor-col-100 elementor-top-column elementor-element elementor-element-79a789e\" data-id=\"79a789e\" data-element_type=\"column\" data-e-type=\"column\">\n\t\t\t<div class=\"elementor-widget-wrap elementor-element-populated\">\n\t\t\t\t\t\t<div class=\"elementor-element elementor-element-e2fb557 elementor-hidden-phone elementor-widget elementor-widget-spacer\" data-id=\"e2fb557\" data-element_type=\"widget\" data-e-type=\"widget\" data-widget_type=\"spacer.default\">\n\t\t\t\t<div class=\"elementor-widget-container\">\n\t\t\t\t\t\t\t<div class=\"elementor-spacer\">\n\t\t\t<div class=\"elementor-spacer-inner\"><\/div>\n\t\t<\/div>\n\t\t\t\t\t\t<\/div>\n\t\t\t\t<\/div>\n\t\t\t\t<div class=\"elementor-element elementor-element-434f002 elementor-widget elementor-widget-heading\" data-id=\"434f002\" data-element_type=\"widget\" data-e-type=\"widget\" data-widget_type=\"heading.default\">\n\t\t\t\t<div class=\"elementor-widget-container\">\n\t\t\t\t\t<h2 class=\"elementor-heading-title elementor-size-default\">France<\/h2>\t\t\t\t<\/div>\n\t\t\t\t<\/div>\n\t\t\t\t<div class=\"elementor-element elementor-element-d846555 elementor-widget elementor-widget-heading\" data-id=\"d846555\" data-element_type=\"widget\" data-e-type=\"widget\" data-widget_type=\"heading.default\">\n\t\t\t\t<div class=\"elementor-widget-container\">\n\t\t\t\t\t<h2 class=\"elementor-heading-title elementor-size-default\">Paris<\/h2>\t\t\t\t<\/div>\n\t\t\t\t<\/div>\n\t\t\t\t<div class=\"elementor-element elementor-element-7622c58 elementor-widget elementor-widget-spacer\" data-id=\"7622c58\" data-element_type=\"widget\" data-e-type=\"widget\" data-widget_type=\"spacer.default\">\n\t\t\t\t<div class=\"elementor-widget-container\">\n\t\t\t\t\t\t\t<div class=\"elementor-spacer\">\n\t\t\t<div class=\"elementor-spacer-inner\"><\/div>\n\t\t<\/div>\n\t\t\t\t\t\t<\/div>\n\t\t\t\t<\/div>\n\t\t\t\t\t<\/div>\n\t\t<\/div>\n\t\t\t\t\t<\/div>\n\t\t<\/section>\n\t\t\t\t<section class=\"elementor-section elementor-top-section elementor-element elementor-element-c5349c4 elementor-section-boxed elementor-section-height-default elementor-section-height-default\" data-id=\"c5349c4\" data-element_type=\"section\" data-e-type=\"section\">\n\t\t\t\t\t\t<div class=\"elementor-container elementor-column-gap-default\">\n\t\t\t\t\t<div class=\"aux-parallax-section elementor-column elementor-col-33 elementor-top-column elementor-element elementor-element-436cb5e\" data-id=\"436cb5e\" data-element_type=\"column\" data-e-type=\"column\">\n\t\t\t<div class=\"elementor-widget-wrap elementor-element-populated\">\n\t\t\t\t\t\t<div class=\"elementor-element elementor-element-f48ae0a elementor-widget elementor-widget-text-editor\" data-id=\"f48ae0a\" data-element_type=\"widget\" data-e-type=\"widget\" data-widget_type=\"text-editor.default\">\n\t\t\t\t<div class=\"elementor-widget-container\">\n\t\t\t\t\t\t\t\t\t<h4>\u00a0<\/h4><h4><a href=\"https:\/\/www.instagram.com\/titleeparis\/\"><strong>Titlee Store<\/strong><\/a><\/h4><p>29 rue des Gravilliers<br \/>75003 Paris<\/p><p><span style=\"text-decoration: underline;\"><span style=\"color: #000000;\">titlee.fr<\/span><\/span><\/p>\t\t\t\t\t\t\t\t<\/div>\n\t\t\t\t<\/div>\n\t\t\t\t\t<\/div>\n\t\t<\/div>\n\t\t\t\t<div class=\"aux-parallax-section elementor-column elementor-col-33 elementor-top-column elementor-element elementor-element-9642647\" data-id=\"9642647\" data-element_type=\"column\" data-e-type=\"column\">\n\t\t\t<div class=\"elementor-widget-wrap elementor-element-populated\">\n\t\t\t\t\t\t<div class=\"elementor-element elementor-element-127c8e8 elementor-widget elementor-widget-text-editor\" data-id=\"127c8e8\" data-element_type=\"widget\" data-e-type=\"widget\" data-widget_type=\"text-editor.default\">\n\t\t\t\t<div class=\"elementor-widget-container\">\n\t\t\t\t\t\t\t\t\t<h4>\u00a0<\/h4><h4><strong><a href=\"https:\/\/www.instagram.com\/twins_conceptstore\/\">Twins Concept Store<\/a><\/strong><\/h4><p>7 rue B\u00e9ranger<br \/>75003 Paris<\/p><p><span style=\"text-decoration: underline;\"><span style=\"color: #000000;\"><a style=\"color: #000000; text-decoration: underline;\" href=\"https:\/\/www.twinsconceptstore.com\/maroquinerie\">twinsconceptstore.com<\/a><\/span><\/span><\/p>\t\t\t\t\t\t\t\t<\/div>\n\t\t\t\t<\/div>\n\t\t\t\t\t<\/div>\n\t\t<\/div>\n\t\t\t\t<div class=\"aux-parallax-section elementor-column elementor-col-33 elementor-top-column elementor-element elementor-element-b4cc8c9\" data-id=\"b4cc8c9\" data-element_type=\"column\" data-e-type=\"column\">\n\t\t\t<div class=\"elementor-widget-wrap elementor-element-populated\">\n\t\t\t\t\t\t\t<\/div>\n\t\t<\/div>\n\t\t\t\t\t<\/div>\n\t\t<\/section>\n\t\t\t\t<section class=\"elementor-section elementor-top-section elementor-element elementor-element-43f9d34 elementor-section-boxed elementor-section-height-default elementor-section-height-default\" data-id=\"43f9d34\" data-element_type=\"section\" data-e-type=\"section\">\n\t\t\t\t\t\t<div class=\"elementor-container elementor-column-gap-default\">\n\t\t\t\t\t<div class=\"aux-parallax-section elementor-column elementor-col-33 elementor-top-column elementor-element elementor-element-946fbc2\" data-id=\"946fbc2\" data-element_type=\"column\" data-e-type=\"column\">\n\t\t\t<div class=\"elementor-widget-wrap elementor-element-populated\">\n\t\t\t\t\t\t<div class=\"elementor-element elementor-element-13bd2f6 elementor-widget elementor-widget-text-editor\" data-id=\"13bd2f6\" data-element_type=\"widget\" data-e-type=\"widget\" data-widget_type=\"text-editor.default\">\n\t\t\t\t<div class=\"elementor-widget-container\">\n\t\t\t\t\t\t\t\t\t<h4>\u00a0<\/h4><h4><strong><a href=\"https:\/\/www.instagram.com\/econe.co\/\">Ec\u00f4ne<\/a><\/strong><\/h4><p><a href=\"https:\/\/www.econe.co\/blogs\/nos-createurs\/ythe-paris\">Boutique en ligne<\/a><\/p><p><a href=\"https:\/\/www.econe.co\/collections\/petite-maroquinerie\"><span style=\"color: #000000;\"><span style=\"caret-color: #000000;\"><u>econe.co<\/u><\/span><\/span><\/a><\/p>\t\t\t\t\t\t\t\t<\/div>\n\t\t\t\t<\/div>\n\t\t\t\t\t<\/div>\n\t\t<\/div>\n\t\t\t\t<div class=\"aux-parallax-section elementor-column elementor-col-33 elementor-top-column elementor-element elementor-element-8c25794\" data-id=\"8c25794\" data-element_type=\"column\" data-e-type=\"column\">\n\t\t\t<div class=\"elementor-widget-wrap elementor-element-populated\">\n\t\t\t\t\t\t<div class=\"elementor-element elementor-element-49c0ba7 elementor-widget elementor-widget-text-editor\" data-id=\"49c0ba7\" data-element_type=\"widget\" data-e-type=\"widget\" data-widget_type=\"text-editor.default\">\n\t\t\t\t<div class=\"elementor-widget-container\">\n\t\t\t\t\t\t\t\t\t<h4>\u00a0<\/h4><h4><strong><a href=\"https:\/\/www.instagram.com\/la_pepixterie\/\">La P\u00e9pixterie<\/a><\/strong><\/h4><p><a href=\"https:\/\/lapepixterie.com\/pages\/pepixteur-tui-airpods-ythe-paris\">Boutique en ligne<\/a><\/p><p><a href=\"https:\/\/lapepixterie.com\/collections\/ythe-paris\"><span style=\"color: #000000;\"><span style=\"caret-color: #000000;\"><u>lapepixterie.com<\/u><\/span><\/span><\/a><\/p>\t\t\t\t\t\t\t\t<\/div>\n\t\t\t\t<\/div>\n\t\t\t\t\t<\/div>\n\t\t<\/div>\n\t\t\t\t<div class=\"aux-parallax-section elementor-column elementor-col-33 elementor-top-column elementor-element elementor-element-5dbce2e\" data-id=\"5dbce2e\" data-element_type=\"column\" data-e-type=\"column\">\n\t\t\t<div class=\"elementor-widget-wrap elementor-element-populated\">\n\t\t\t\t\t\t\t<\/div>\n\t\t<\/div>\n\t\t\t\t\t<\/div>\n\t\t<\/section>\n\t\t\t\t<section class=\"elementor-section elementor-top-section elementor-element elementor-element-2d3f252 elementor-section-boxed elementor-section-height-default elementor-section-height-default\" data-id=\"2d3f252\" data-element_type=\"section\" data-e-type=\"section\">\n\t\t\t\t\t\t<div class=\"elementor-container elementor-column-gap-default\">\n\t\t\t\t\t<div class=\"aux-parallax-section elementor-column elementor-col-100 elementor-top-column elementor-element elementor-element-461e1f8\" data-id=\"461e1f8\" data-element_type=\"column\" data-e-type=\"column\">\n\t\t\t<div class=\"elementor-widget-wrap elementor-element-populated\">\n\t\t\t\t\t\t<div class=\"elementor-element elementor-element-121f5f7 elementor-widget elementor-widget-spacer\" data-id=\"121f5f7\" data-element_type=\"widget\" data-e-type=\"widget\" data-widget_type=\"spacer.default\">\n\t\t\t\t<div class=\"elementor-widget-container\">\n\t\t\t\t\t\t\t<div class=\"elementor-spacer\">\n\t\t\t<div class=\"elementor-spacer-inner\"><\/div>\n\t\t<\/div>\n\t\t\t\t\t\t<\/div>\n\t\t\t\t<\/div>\n\t\t\t\t<div class=\"elementor-element elementor-element-d7396e9 elementor-hidden-phone elementor-widget elementor-widget-spacer\" data-id=\"d7396e9\" data-element_type=\"widget\" data-e-type=\"widget\" data-widget_type=\"spacer.default\">\n\t\t\t\t<div class=\"elementor-widget-container\">\n\t\t\t\t\t\t\t<div class=\"elementor-spacer\">\n\t\t\t<div class=\"elementor-spacer-inner\"><\/div>\n\t\t<\/div>\n\t\t\t\t\t\t<\/div>\n\t\t\t\t<\/div>\n\t\t\t\t<div class=\"elementor-element elementor-element-2b61684 elementor-widget elementor-widget-heading\" data-id=\"2b61684\" data-element_type=\"widget\" data-e-type=\"widget\" data-widget_type=\"heading.default\">\n\t\t\t\t<div class=\"elementor-widget-container\">\n\t\t\t\t\t<h2 class=\"elementor-heading-title elementor-size-default\">VENtes eph\u00e9m\u00e8res<\/h2>\t\t\t\t<\/div>\n\t\t\t\t<\/div>\n\t\t\t\t<div class=\"elementor-element elementor-element-5c22a01 elementor-widget elementor-widget-spacer\" data-id=\"5c22a01\" data-element_type=\"widget\" data-e-type=\"widget\" data-widget_type=\"spacer.default\">\n\t\t\t\t<div class=\"elementor-widget-container\">\n\t\t\t\t\t\t\t<div class=\"elementor-spacer\">\n\t\t\t<div class=\"elementor-spacer-inner\"><\/div>\n\t\t<\/div>\n\t\t\t\t\t\t<\/div>\n\t\t\t\t<\/div>\n\t\t\t\t\t<\/div>\n\t\t<\/div>\n\t\t\t\t\t<\/div>\n\t\t<\/section>\n\t\t\t\t<section class=\"elementor-section elementor-top-section elementor-element elementor-element-5bf8270 elementor-section-boxed elementor-section-height-default elementor-section-height-default\" data-id=\"5bf8270\" data-element_type=\"section\" data-e-type=\"section\">\n\t\t\t\t\t\t<div class=\"elementor-container elementor-column-gap-default\">\n\t\t\t\t\t<div class=\"aux-parallax-section elementor-column elementor-col-33 elementor-top-column elementor-element elementor-element-6aa616a\" data-id=\"6aa616a\" data-element_type=\"column\" data-e-type=\"column\">\n\t\t\t<div class=\"elementor-widget-wrap elementor-element-populated\">\n\t\t\t\t\t\t<div class=\"elementor-element elementor-element-1469c45 elementor-widget elementor-widget-text-editor\" data-id=\"1469c45\" data-element_type=\"widget\" data-e-type=\"widget\" data-widget_type=\"text-editor.default\">\n\t\t\t\t<div class=\"elementor-widget-container\">\n\t\t\t\t\t\t\t\t\t<p style=\"color: #7a7a7a; font-family: Roboto, sans-serif; font-size: 16.0016px;\">\n<\/p><h4 style=\"letter-spacing: normal;\"><a href=\"https:\/\/www.facebook.com\/soulbarex\/\">Soulbarex<\/a><\/h4>\n<p>Vente \u00e9ph\u00e9m\u00e8re<br>du 30\/09 au 01\/10\/2022<\/p>\n<p><span style=\"color: rgb(32, 33, 36); font-family: arial, sans-serif; font-size: 14px; text-align: left;\">2 Rue Poullain Duparc, 35000 Rennes<\/span><\/p><p>Horaires :&nbsp;<\/p><p>Vendredi 30\/09 : de 11h \u00e0 22h<\/p><p>Samedi 01\/10 : de 11h \u00e0 20h<\/p>\t\t\t\t\t\t\t\t<\/div>\n\t\t\t\t<\/div>\n\t\t\t\t\t<\/div>\n\t\t<\/div>\n\t\t\t\t<div class=\"aux-parallax-section elementor-column elementor-col-33 elementor-top-column elementor-element elementor-element-6413b35\" data-id=\"6413b35\" data-element_type=\"column\" data-e-type=\"column\">\n\t\t\t<div class=\"elementor-widget-wrap elementor-element-populated\">\n\t\t\t\t\t\t<div class=\"elementor-element elementor-element-84df3e9 elementor-widget elementor-widget-text-editor\" data-id=\"84df3e9\" data-element_type=\"widget\" data-e-type=\"widget\" data-widget_type=\"text-editor.default\">\n\t\t\t\t<div class=\"elementor-widget-container\">\n\t\t\t\t\t\t\t\t\t<p><a style=\"font-family: Raleway, arial, sans-serif; font-size: 1.375em; font-weight: 600; background-color: white;\" href=\"https:\/\/www.instagram.com\/choose_app\/\">Choose App<\/a>\u00a0<span style=\"color: #000000; font-family: var( --e-global-typography-text-font-family ), Sans-serif; font-weight: var( --e-global-typography-text-font-weight );\">(Termin\u00e9e)<\/span><\/p><p style=\"color: #000000; font-family: Questrial, sans-serif; font-size: 14.4014px; text-align: center;\">Vente \u00e9ph\u00e9m\u00e8re<br \/>du 28\/01 au 04\/02\/2021<br \/>sur l&rsquo;application.<\/p><p style=\"color: #000000; font-family: Questrial, sans-serif; font-size: 14.4014px; text-align: center;\"><a href=\"https:\/\/appchoose.io\/\">appchoose.io<\/a><\/p>\t\t\t\t\t\t\t\t<\/div>\n\t\t\t\t<\/div>\n\t\t\t\t<div class=\"elementor-element elementor-element-041eaef elementor-hidden-phone elementor-widget elementor-widget-spacer\" data-id=\"041eaef\" data-element_type=\"widget\" data-e-type=\"widget\" data-widget_type=\"spacer.default\">\n\t\t\t\t<div class=\"elementor-widget-container\">\n\t\t\t\t\t\t\t<div class=\"elementor-spacer\">\n\t\t\t<div class=\"elementor-spacer-inner\"><\/div>\n\t\t<\/div>\n\t\t\t\t\t\t<\/div>\n\t\t\t\t<\/div>\n\t\t\t\t\t<\/div>\n\t\t<\/div>\n\t\t\t\t<div class=\"aux-parallax-section elementor-column elementor-col-33 elementor-top-column elementor-element elementor-element-a6aab94\" data-id=\"a6aab94\" data-element_type=\"column\" data-e-type=\"column\">\n\t\t\t<div class=\"elementor-widget-wrap elementor-element-populated\">\n\t\t\t\t\t\t<div class=\"elementor-element elementor-element-706b5f2 elementor-widget elementor-widget-text-editor\" data-id=\"706b5f2\" data-element_type=\"widget\" data-e-type=\"widget\" data-widget_type=\"text-editor.default\">\n\t\t\t\t<div class=\"elementor-widget-container\">\n\t\t\t\t\t\t\t\t\t<p><strong style=\"font-size: 1.375em; letter-spacing: 0px;\"><a href=\"https:\/\/www.instagram.com\/lafineequipe.fr\/\">La Fine Equipe<\/a> x <a href=\"https:\/\/www.instagram.com\/le_bhv_marais\/\">BHV Marais<\/a>\u00a0<\/strong><span style=\"font-family: Roboto, sans-serif; font-size: 16.0016px;\">(Termin\u00e9e)<\/span><\/p><p>Vente \u00e9ph\u00e9m\u00e8re<br \/>du 15 au 21\/09\/2021<\/p><p>52 rue de Rivoli<br \/>75189 PARIS Cedex 4<\/p>\t\t\t\t\t\t\t\t<\/div>\n\t\t\t\t<\/div>\n\t\t\t\t\t<\/div>\n\t\t<\/div>\n\t\t\t\t\t<\/div>\n\t\t<\/section>\n\t\t\t\t<\/div>","protected":false},"excerpt":{"rendered":"<p>France Paris \u00a0 Titlee Store 29 rue des Gravilliers75003 Paris titlee.fr \u00a0 Twins Concept Store 7 rue B\u00e9ranger75003 Paris twinsconceptstore.com \u00a0 Ec\u00f4ne Boutique en ligne econe.co \u00a0 La P\u00e9pixterie Boutique en ligne lapepixterie.com VENtes eph\u00e9m\u00e8res Soulbarex Vente \u00e9ph\u00e9m\u00e8redu 30\/09 au 01\/10\/2022 2 Rue Poullain Duparc, 35000 Rennes Horaires :&nbsp; Vendredi 30\/09 : de 11h \u00e0 [&hellip;]<\/p>","protected":false},"author":1,"featured_media":0,"parent":0,"menu_order":0,"comment_status":"closed","ping_status":"closed","template":"","meta":{"footnotes":""},"class_list":["post-143","page","type-page","status-publish","hentry"],"_links":{"self":[{"href":"https:\/\/ytheparis.com\/en\/wp-json\/wp\/v2\/pages\/143","targetHints":{"allow":["GET"]}}],"collection":[{"href":"https:\/\/ytheparis.com\/en\/wp-json\/wp\/v2\/pages"}],"about":[{"href":"https:\/\/ytheparis.com\/en\/wp-json\/wp\/v2\/types\/page"}],"author":[{"embeddable":true,"href":"https:\/\/ytheparis.com\/en\/wp-json\/wp\/v2\/users\/1"}],"replies":[{"embeddable":true,"href":"https:\/\/ytheparis.com\/en\/wp-json\/wp\/v2\/comments?post=143"}],"version-history":[{"count":63,"href":"https:\/\/ytheparis.com\/en\/wp-json\/wp\/v2\/pages\/143\/revisions"}],"predecessor-version":[{"id":12601,"href":"https:\/\/ytheparis.com\/en\/wp-json\/wp\/v2\/pages\/143\/revisions\/12601"}],"wp:attachment":[{"href":"https:\/\/ytheparis.com\/en\/wp-json\/wp\/v2\/media?parent=143"}],"curies":[{"name":"wp","href":"https:\/\/api.w.org\/{rel}","templated":true}]}}